{"id":5281,"date":"2025-07-06T01:46:12","date_gmt":"2025-07-06T05:46:12","guid":{"rendered":"https:\/\/thebodenschatzfamily.com\/?page_id=5281"},"modified":"2025-07-28T21:30:26","modified_gmt":"2025-07-29T01:30:26","slug":"family-surnames","status":"publish","type":"page","link":"https:\/\/thebodenschatzfamily.com\/index.php\/welcome\/family-surnames\/","title":{"rendered":"Family Surnames"},"content":{"rendered":"\n<h1 class=\"wp-block-heading has-text-align-center\">Family Surnames<\/h1>\n\n\n\n<div class=\"wp-block-columns is-layout-flex wp-container-core-columns-is-layout-9d6595d7 wp-block-columns-is-layout-flex\">\n<div class=\"wp-block-column is-layout-flow wp-block-column-is-layout-flow\" style=\"flex-basis:75%\">\n<p class=\"has-background\" style=\"background-color:#ccd9e7\">The surnames below are a partial list of those connected to the Bodenschatz family, the Rooney family, their predecessors, and their communities over time. Please <a href=\"https:\/\/thebodenschatzfamily.com\/index.php\/contact\/\">let us know<\/a> if there is a surname, or an alternate surname spelling, that you would like to add to this list.<\/p>\n<\/div>\n<\/div>\n\n\n\n<div class=\"wp-block-columns is-layout-flex wp-container-core-columns-is-layout-9d6595d7 wp-block-columns-is-layout-flex\">\n<div class=\"wp-block-column is-layout-flow wp-block-column-is-layout-flow\" style=\"flex-basis:75%\">\n<p><strong>Adams Akins Apple Atkins Baur Baures Bayer Beba Bence Betz Beyer Biersack Bimle Bischoff Bishop Boden Bodenschatz Bopp Bowen Boxler Boyd Braverman Brickner Brown Brummert Buck Burkardt Burkhart Busch Callahan Cannin Carr Casale Cauffiel Chopper Clendenning Cochran Conrad Costlow Cowan Crum Csamer Cunningham Currid Dailey Daly Dean Degelmann Denk Denne Deubzer Diehl Dietel Dimpfl Dippold Eckenrode Eckstein Eggie Endler Fabry Faust Feely Ferenchik Fetters Fischer Fisher Frank Frankenberg Funyak Gallagher Gareis George Geyer Good Goodwin Grebner Griffith Gummerman Haas Haddon Haeussinger Hagen Hammond Hamrick Handel Hans Harclerode Harteis H\u00e4rtel Heinritz Helgerth Helm Henry Hettle Hite Hofmann Holtz Horner Huber H\u00fcmmer Hutchinson H\u00fcttner Itle James Kabler Kalbskopf Kammerer Kassidy Kastner Kelly Kessler Kiessling Kimmel Konya Kopco Kozlowski Kr\u00fcgel LaRoche Lenz Link Lohwasser Long Maier Makin Marron Martin Mathes Mattes Mayers McGowan McIlroy Mecklenburg Merkle Meyers Michel Miller Mitchell Moore Morris Motchenbaugh M\u00fcller Noeth O\u2019Hara O\u2019Leary Osel Ott Otte Overbeck Palenscar Palzer Pearson Peetz Penatzer Petrunyak Plummer P\u00f6hlmann Popp Reffner Reichenberger Richey Ritchey Ritter Robine Rodgers Rooney Ropp Rosage Rudy Rullo Ruppert Russ Saltsgiver Saunders Schach Schlegel Schlenk Schmadel Schmid Schmidt Schramm Schrift Sch\u00fcbel Schuberth Seigh Sellman Settle Seymour Shanahan Sherry Shields Shrift Sloan Smith Solger S\u00f6llner Solomon Spisak Staff Staron Stibolitsky Stock Strauss Strayer Strittmatter Suttmiller Symon Thomas T\u00fcroff Varanelli Verbjar Vogler Wagner Waldron Warner Weber Weimer Weinzierl Weiss Werfel Wess White Wiedel Will Wilson Wirfel Wirth Wissler Wolfrum Woods Wuerfel Wyland Zapf Zehnder Zentak<\/strong><\/p>\n<\/div>\n<\/div>\n","protected":false},"excerpt":{"rendered":"<p>Family Surnames The surnames below are a partial list of those connected to the Bodenschatz family, the Rooney family, their predecessors, and their communities over time. Please let us know if there is a surname, or an alternate surname spelling,&#8230; <\/p>\n","protected":false},"author":23,"featured_media":0,"parent":401,"menu_order":0,"comment_status":"closed","ping_status":"closed","template":"page-templates\/full-width.php","meta":{"footnotes":""},"categories":[],"tags":[],"class_list":["post-5281","page","type-page","status-publish","hentry"],"jetpack_sharing_enabled":true,"_links":{"self":[{"href":"https:\/\/thebodenschatzfamily.com\/index.php\/wp-json\/wp\/v2\/pages\/5281","targetHints":{"allow":["GET"]}}],"collection":[{"href":"https:\/\/thebodenschatzfamily.com\/index.php\/wp-json\/wp\/v2\/pages"}],"about":[{"href":"https:\/\/thebodenschatzfamily.com\/index.php\/wp-json\/wp\/v2\/types\/page"}],"author":[{"embeddable":true,"href":"https:\/\/thebodenschatzfamily.com\/index.php\/wp-json\/wp\/v2\/users\/23"}],"replies":[{"embeddable":true,"href":"https:\/\/thebodenschatzfamily.com\/index.php\/wp-json\/wp\/v2\/comments?post=5281"}],"version-history":[{"count":10,"href":"https:\/\/thebodenschatzfamily.com\/index.php\/wp-json\/wp\/v2\/pages\/5281\/revisions"}],"predecessor-version":[{"id":7294,"href":"https:\/\/thebodenschatzfamily.com\/index.php\/wp-json\/wp\/v2\/pages\/5281\/revisions\/7294"}],"up":[{"embeddable":true,"href":"https:\/\/thebodenschatzfamily.com\/index.php\/wp-json\/wp\/v2\/pages\/401"}],"wp:attachment":[{"href":"https:\/\/thebodenschatzfamily.com\/index.php\/wp-json\/wp\/v2\/media?parent=5281"}],"wp:term":[{"taxonomy":"category","embeddable":true,"href":"https:\/\/thebodenschatzfamily.com\/index.php\/wp-json\/wp\/v2\/categories?post=5281"},{"taxonomy":"post_tag","embeddable":true,"href":"https:\/\/thebodenschatzfamily.com\/index.php\/wp-json\/wp\/v2\/tags?post=5281"}],"curies":[{"name":"wp","href":"https:\/\/api.w.org\/{rel}","templated":true}]}}