{"id":401,"date":"2023-01-31T01:09:33","date_gmt":"2023-01-31T01:09:33","guid":{"rendered":"https:\/\/thebodenschatzfamily.com\/?page_id=401"},"modified":"2025-07-28T21:29:32","modified_gmt":"2025-07-29T01:29:32","slug":"welcome","status":"publish","type":"page","link":"https:\/\/thebodenschatzfamily.com\/","title":{"rendered":"Home"},"content":{"rendered":"\n<div class=\"wp-block-columns is-layout-flex wp-container-core-columns-is-layout-9d6595d7 wp-block-columns-is-layout-flex\">\n<div class=\"wp-block-column is-layout-flow wp-block-column-is-layout-flow\" style=\"flex-basis:90%\"><div style=\"--animation-direction: normal; --animation-speed: 120s; --content-gap: 40px; --overlay-color: transparent; --white-space: nowrap; --animation-name: storepress-marquee-animation-x; --animation-play-state: paused;\" class=\"orientation-x wp-block-storepress-marquee\">\n\t<div class=\"wp-block-storepress-marquee__item\">\n\n<p class=\"has-text-align-center\"><strong>Adams Akins Apple Atkins Baur Baures Bayer Beba Bence Betz Beyer Biersack Bimle Bischoff Bishop Boden Bodenschatz Bopp Bowen Boxler Boyd Braverman Brickner Brown Brummert Buck Burkardt Burkhart Busch Callahan Cannin Carr Casale Cauffiel Chopper Clendenning Cochran Conrad Costlow Cowan Crum Csamer Cunningham Currid Dailey Daly Dean Degelmann Denk Denne Deubzer Diehl Dietel Dimpfl Dippold Eckenrode Eckstein Eggie Endler Fabry Faust Feely Ferenchik Fetters Fischer Fisher Frank Frankenberg Funyak Gallagher Gareis George Geyer Good Goodwin Grebner Griffith Gummerman Haas Haddon Haeussinger Hagen Hammond Hamrick Handel Hans Harclerode Harteis H\u00e4rtel Heinritz Helgerth Helm Henry Hettle Hite Hofmann Holtz Horner Huber H\u00fcmmer Hutchinson H\u00fcttner Itle James Kabler Kalbskopf Kammerer Kassidy Kastner Kelly Kessler Kiessling Kimmel Konya Kopco Kozlowski Kr\u00fcgel LaRoche Lenz Link Lohwasser Long Maier Makin Marron Martin Mathes Mattes Mayers McGowan McIlroy Mecklenburg Merkle Meyers Michel Miller Mitchell Moore Morris Motchenbaugh M\u00fcller Noeth O\u2019Hara O\u2019Leary Osel Ott Otte Overbeck Palenscar Palzer Pearson Peetz Penatzer Petrunyak Plummer P\u00f6hlmann Popp Reffner Reichenberger Richey Ritchey Ritter Robine Rodgers Rooney Ropp Rosage Rudy Rullo Ruppert Russ Saltsgiver Saunders Schach Schlegel Schlenk Schmadel Schmid Schmidt Schramm Schrift Sch\u00fcbel Schuberth Seigh Sellman Settle Seymour Shanahan Sherry Shields Shrift Sloan Smith Solger S\u00f6llner Solomon Spisak Staff Staron Stibolitsky Stock Strauss Strayer Strittmatter Suttmiller Symon Thomas T\u00fcroff Varanelli Verbjar Vogler Wagner Waldron Warner Weber Weimer Weinzierl Weiss Werfel Wess White Wiedel Will Wilson Wirfel Wirth Wissler Wolfrum Woods Wuerfel Wyland Zapf Zehnder Zentak<\/strong><\/p>\n\n<\/div>\n\t<!-- Mirrors the content -->\n\t<div class=\"wp-block-storepress-marquee__item mirror\" aria-hidden=\"true\">\n\n<p class=\"has-text-align-center\"><strong>Adams Akins Apple Atkins Baur Baures Bayer Beba Bence Betz Beyer Biersack Bimle Bischoff Bishop Boden Bodenschatz Bopp Bowen Boxler Boyd Braverman Brickner Brown Brummert Buck Burkardt Burkhart Busch Callahan Cannin Carr Casale Cauffiel Chopper Clendenning Cochran Conrad Costlow Cowan Crum Csamer Cunningham Currid Dailey Daly Dean Degelmann Denk Denne Deubzer Diehl Dietel Dimpfl Dippold Eckenrode Eckstein Eggie Endler Fabry Faust Feely Ferenchik Fetters Fischer Fisher Frank Frankenberg Funyak Gallagher Gareis George Geyer Good Goodwin Grebner Griffith Gummerman Haas Haddon Haeussinger Hagen Hammond Hamrick Handel Hans Harclerode Harteis H\u00e4rtel Heinritz Helgerth Helm Henry Hettle Hite Hofmann Holtz Horner Huber H\u00fcmmer Hutchinson H\u00fcttner Itle James Kabler Kalbskopf Kammerer Kassidy Kastner Kelly Kessler Kiessling Kimmel Konya Kopco Kozlowski Kr\u00fcgel LaRoche Lenz Link Lohwasser Long Maier Makin Marron Martin Mathes Mattes Mayers McGowan McIlroy Mecklenburg Merkle Meyers Michel Miller Mitchell Moore Morris Motchenbaugh M\u00fcller Noeth O\u2019Hara O\u2019Leary Osel Ott Otte Overbeck Palenscar Palzer Pearson Peetz Penatzer Petrunyak Plummer P\u00f6hlmann Popp Reffner Reichenberger Richey Ritchey Ritter Robine Rodgers Rooney Ropp Rosage Rudy Rullo Ruppert Russ Saltsgiver Saunders Schach Schlegel Schlenk Schmadel Schmid Schmidt Schramm Schrift Sch\u00fcbel Schuberth Seigh Sellman Settle Seymour Shanahan Sherry Shields Shrift Sloan Smith Solger S\u00f6llner Solomon Spisak Staff Staron Stibolitsky Stock Strauss Strayer Strittmatter Suttmiller Symon Thomas T\u00fcroff Varanelli Verbjar Vogler Wagner Waldron Warner Weber Weimer Weinzierl Weiss Werfel Wess White Wiedel Will Wilson Wirfel Wirth Wissler Wolfrum Woods Wuerfel Wyland Zapf Zehnder Zentak<\/strong><\/p>\n\n<\/div>\n<\/div>\n<\/div>\n<\/div>\n\n\n\n<div class=\"wp-block-columns is-layout-flex wp-container-core-columns-is-layout-9d6595d7 wp-block-columns-is-layout-flex\">\n<div class=\"wp-block-column is-layout-flow wp-block-column-is-layout-flow\" style=\"flex-basis:65%\"><div class=\"wp-block-image shadow-effect-br2 image-has-bottom-margin\">\n<figure class=\"aligncenter size-large\"><img decoding=\"async\" width=\"1024\" height=\"628\" src=\"https:\/\/thebodenschatzfamily.com\/wp-content\/uploads\/2025\/04\/OldSummerhill3-e1744425003592-1024x628.jpg\" alt=\"\" class=\"wp-image-2194\" srcset=\"https:\/\/thebodenschatzfamily.com\/wp-content\/uploads\/2025\/04\/OldSummerhill3-e1744425003592-1024x628.jpg 1024w, https:\/\/thebodenschatzfamily.com\/wp-content\/uploads\/2025\/04\/OldSummerhill3-e1744425003592-300x184.jpg 300w, https:\/\/thebodenschatzfamily.com\/wp-content\/uploads\/2025\/04\/OldSummerhill3-e1744425003592-768x471.jpg 768w, https:\/\/thebodenschatzfamily.com\/wp-content\/uploads\/2025\/04\/OldSummerhill3-e1744425003592.jpg 1344w\" sizes=\"(max-width: 1024px) 100vw, 1024px\" \/><\/figure><\/div>\n\n\n<p class=\"has-text-align-center lato300Font\" style=\"font-size:16px\"><strong>1910 painted postcard depicting Summerhill Borough in Cambria County, Pennsylvania<\/strong><\/p>\n<\/div>\n<\/div>\n\n\n\n<div class=\"wp-block-columns is-layout-flex wp-container-core-columns-is-layout-9d6595d7 wp-block-columns-is-layout-flex\">\n<div class=\"wp-block-column is-layout-flow wp-block-column-is-layout-flow\" style=\"flex-basis:30%\">\n<p class=\"has-text-align-center has-medium-font-size\"><a href=\"https:\/\/thebodenschatzfamily.com\/index.php\/announcements\/\">News and Announcements<\/a><\/p>\n<\/div>\n<\/div>\n\n\n\n<div class=\"wp-block-columns is-layout-flex wp-container-core-columns-is-layout-9d6595d7 wp-block-columns-is-layout-flex\">\n<div class=\"wp-block-column is-layout-flow wp-block-column-is-layout-flow\" style=\"flex-basis:75%\">\n<p>Our family and community website was inspired by the curiosity of Tom Bodenschatz (1945 \u2013 2012) and is dedicated to all who work to preserve and share family stories.<\/p>\n\n\n\n<p>We began our work in the fall of 2022 by searching for historical U.S. Census records for Tom\u2019s parents, Meg (n\u00e9e Rooney) and Ed (aka \u201cA\u201d) Bodenschatz, as well as their parents and grandparents in Cambria County, Pennsylvania. Our exploration unearthed hundreds of documents and stories about our ancestors, and led to the rediscovery of branches in their family trees that had been lost to us for generations.<\/p>\n\n\n\n<p>Our growing connections across various branches of the family have turned this small effort into a joyful collaborative project with cousins from around the world. We are eager to continue swapping stories with any family connected with ours through birth, marriage, neighborhood, friendship, and beyond \u2014 if that includes you, we hope you will consider <a href=\"https:\/\/thebodenschatzfamily.com\/index.php\/registration\/\">registering<\/a> for the private part of our website.<\/p>\n\n\n\n<p>We would also enjoy <a href=\"https:\/\/thebodenschatzfamily.com\/index.php\/contact\/\">hearing from you<\/a> when:&nbsp;<\/p>\n\n\n\n<ul class=\"wp-block-list\">\n<li class=\"indent-after-first-line text-has-bottom-margin-small2\">You know of a surname not yet included in our running list above (see the static version <a href=\"https:\/\/thebodenschatzfamily.com\/index.php\/family-surnames\/\">here<\/a>) that connects with the extended Bodenschatz or Rooney family at some point in history;<\/li>\n\n\n\n<li class=\"indent-after-first-line text-has-bottom-margin-small2\">You have a family story from anywhere in the world about a branch of our family that you would like to share on our blog; or<\/li>\n\n\n\n<li class=\"indent-after-first-line text-has-bottom-margin-small2\">You have ideas, suggestions, or questions to share about our work or this website.&nbsp;<\/li>\n<\/ul>\n<\/div>\n<\/div>\n","protected":false},"excerpt":{"rendered":"<p>1910 painted postcard depicting Summerhill Borough in Cambria County, Pennsylvania News and Announcements Our family and community website was inspired by the curiosity of Tom Bodenschatz (1945 \u2013 2012) and is dedicated to all who work to preserve and share&#8230; <\/p>\n","protected":false},"author":22,"featured_media":0,"parent":0,"menu_order":0,"comment_status":"closed","ping_status":"closed","template":"page-templates\/full-width.php","meta":{"footnotes":""},"categories":[],"tags":[],"class_list":["post-401","page","type-page","status-publish","hentry"],"jetpack_sharing_enabled":true,"_links":{"self":[{"href":"https:\/\/thebodenschatzfamily.com\/index.php\/wp-json\/wp\/v2\/pages\/401","targetHints":{"allow":["GET"]}}],"collection":[{"href":"https:\/\/thebodenschatzfamily.com\/index.php\/wp-json\/wp\/v2\/pages"}],"about":[{"href":"https:\/\/thebodenschatzfamily.com\/index.php\/wp-json\/wp\/v2\/types\/page"}],"author":[{"embeddable":true,"href":"https:\/\/thebodenschatzfamily.com\/index.php\/wp-json\/wp\/v2\/users\/22"}],"replies":[{"embeddable":true,"href":"https:\/\/thebodenschatzfamily.com\/index.php\/wp-json\/wp\/v2\/comments?post=401"}],"version-history":[{"count":393,"href":"https:\/\/thebodenschatzfamily.com\/index.php\/wp-json\/wp\/v2\/pages\/401\/revisions"}],"predecessor-version":[{"id":7293,"href":"https:\/\/thebodenschatzfamily.com\/index.php\/wp-json\/wp\/v2\/pages\/401\/revisions\/7293"}],"wp:attachment":[{"href":"https:\/\/thebodenschatzfamily.com\/index.php\/wp-json\/wp\/v2\/media?parent=401"}],"wp:term":[{"taxonomy":"category","embeddable":true,"href":"https:\/\/thebodenschatzfamily.com\/index.php\/wp-json\/wp\/v2\/categories?post=401"},{"taxonomy":"post_tag","embeddable":true,"href":"https:\/\/thebodenschatzfamily.com\/index.php\/wp-json\/wp\/v2\/tags?post=401"}],"curies":[{"name":"wp","href":"https:\/\/api.w.org\/{rel}","templated":true}]}}